{"id":8,"date":"2024-08-19T13:59:54","date_gmt":"2024-08-19T13:59:54","guid":{"rendered":"http:\/\/comptoir-malakit.local\/?page_id=8"},"modified":"2024-11-27T14:42:58","modified_gmt":"2024-11-27T13:42:58","slug":"comptoir-malakit","status":"publish","type":"page","link":"https:\/\/comptoirmalakit.be\/en\/","title":{"rendered":"Malakit Counter"},"content":{"rendered":"\n<div class=\"wp-block-cover alignfull is-repeated has-border-color\" style=\"border-color:#f3f1e8;border-radius:20px;padding-right:var(--wp--preset--spacing--40);padding-left:var(--wp--preset--spacing--40);min-height:80vh;aspect-ratio:unset;\"><span aria-hidden=\"true\" class=\"wp-block-cover__background has-contrast-background-color has-background-dim-30 has-background-dim\"><\/span><div role=\"img\" aria-label=\"Le comptoir en pierre de malakit\" class=\"wp-block-cover__image-background wp-image-27 is-repeated\" style=\"background-position:50% 50%;background-image:url(https:\/\/comptoirmalakit.be\/wp-content\/uploads\/2024\/08\/comptoir-malakit__17.webp)\"><\/div><div class=\"wp-block-cover__inner-container has-global-padding is-layout-constrained wp-container-core-cover-is-layout-16f84d6b wp-block-cover-is-layout-constrained\">\n<figure class=\"wp-block-image aligncenter size-full\"><img loading=\"lazy\" decoding=\"async\" width=\"536\" height=\"149\" src=\"https:\/\/comptoirmalakit.be\/wp-content\/uploads\/2024\/08\/comptoir-malakit__7.webp\" alt=\"\" class=\"wp-image-17\" title=\"\"><\/figure>\n\n\n\n<h1 class=\"wp-block-heading has-text-align-center text--balance has-base-2-color has-text-color has-link-color has-large-font-size wp-elements-04dbd9239982d4a3611e8a2d9af6c814\" style=\"font-style:normal;font-weight:400\">Restaurant africain au concept unique, bas\u00e9 \u00e0 Tervuren, Bruxelles.<\/h1>\n\n\n\n<div class=\"wp-block-buttons is-content-justification-center is-layout-flex wp-container-core-buttons-is-layout-a89b3969 wp-block-buttons-is-layout-flex\">\n<div class=\"wp-block-button has-custom-font-size has-medium-font-size\" style=\"font-style:normal;font-weight:600\"><a class=\"wp-block-button__link has-contrast-color has-base-2-background-color has-text-color has-background has-link-color wp-element-button\" href=\"\/wp-content\/uploads\/menu_comptoir-malakit-2024.pdf\" target=\"_blank\" rel=\"noreferrer noopener\">Voir le menu<\/a><\/div>\n<\/div>\n<\/div><\/div>\n\n\n\n<div class=\"wp-block-group alignwide has-medium-font-size has-global-padding is-layout-constrained wp-container-core-group-is-layout-84368835 wp-block-group-is-layout-constrained\" id=\"histoire\" style=\"padding-top:var(--wp--preset--spacing--50);padding-bottom:var(--wp--preset--spacing--50)\">\n<figure class=\"wp-block-image aligncenter size-full is-resized\"><img loading=\"lazy\" decoding=\"async\" width=\"119\" height=\"29\" src=\"https:\/\/comptoirmalakit.be\/wp-content\/uploads\/2024\/08\/comptoir-malakit__37.webp\" alt=\"\" class=\"wp-image-47\" style=\"width:auto;height:16px\" title=\"\"><\/figure>\n\n\n\n<h2 class=\"wp-block-heading has-text-align-center\">Notre histoire<\/h2>\n\n\n\n<p class=\"has-text-align-center\">Le comptoir Malakit est un lieu de d\u00e9couverte des saveurs issues de l\u2019un des arts culinaires les plus vastes : Les cuisines Africaines. Un pont vers l\u2019Afrique des couleurs et des senteurs, vers l\u2019Afrique prodigieuse.<\/p>\n\n\n\n<p class=\"has-text-align-center\">Nous souhaitons mettre \u00e0 l\u2019honneur cette cuisine aussi riche que vari\u00e9e et rassembler. Rassembler ceux qui connaissent les cuisines de l\u2019Afrique, et ceux qui les d\u00e9couvrent.<\/p>\n\n\n\n<div class=\"wp-block-buttons is-content-justification-center is-layout-flex wp-container-core-buttons-is-layout-d2a3880e wp-block-buttons-is-layout-flex\" style=\"margin-top:var(--wp--preset--spacing--30)\">\n<div class=\"wp-block-button has-custom-font-size is-style-fill has-medium-font-size\"><a class=\"wp-block-button__link wp-element-button\" href=\"https:\/\/bookings.zenchef.com\/results?rid=370958&amp;pid=1001\" target=\"_blank\" rel=\"noreferrer noopener\">R\u00e9server une table<\/a><\/div>\n<\/div>\n<\/div>\n\n\n\n<div class=\"wp-block-group alignfull has-base-2-background-color has-background has-medium-font-size has-global-padding is-layout-constrained wp-container-core-group-is-layout-50d776b0 wp-block-group-is-layout-constrained\" id=\"concept\" style=\"border-radius:20px;padding-top:var(--wp--preset--spacing--50);padding-bottom:var(--wp--preset--spacing--50)\">\n<figure class=\"wp-block-image aligncenter size-full is-resized\"><img loading=\"lazy\" decoding=\"async\" width=\"119\" height=\"29\" src=\"https:\/\/comptoirmalakit.be\/wp-content\/uploads\/2024\/08\/comptoir-malakit__37.webp\" alt=\"\" class=\"wp-image-47\" style=\"width:auto;height:16px\" title=\"\"><\/figure>\n\n\n\n<h2 class=\"wp-block-heading has-text-align-center\">Notre concept de bol<\/h2>\n\n\n\n<p class=\"has-text-align-center\">Notre comptoir ouvre une fen\u00eatre gustative sur d\u2019autres modes de vivre. Vous \u00eates invit\u00e9s \u00e0 y \u00e9veiller vos sens en commandant de petites portions pour d\u00e9couvrir les recettes les plus savoureuses du continent, \u00e0 commander en grand nombre pour les partager.<\/p>\n\n\n\n<div style=\"height:32px\" aria-hidden=\"true\" class=\"wp-block-spacer\"><\/div>\n\n\n\n<div class=\"wp-block-cb-carousel alignwide\" data-slick=\"{&quot;slidesToShow&quot;:3,&quot;slidesToScroll&quot;:1,&quot;speed&quot;:300,&quot;arrows&quot;:false,&quot;dots&quot;:false,&quot;autoplay&quot;:true,&quot;autoplaySpeed&quot;:1500,&quot;infinite&quot;:true,&quot;rtl&quot;:false,&quot;responsive&quot;:[{&quot;breakpoint&quot;:769,&quot;settings&quot;:{&quot;slidesToShow&quot;:2,&quot;slidesToScroll&quot;:1}}]}\">\n<div class=\"wp-block-cb-slide\">\n<figure class=\"wp-block-image size-full slider__image is-style-rounded is-style-rounded--1\"><img loading=\"lazy\" decoding=\"async\" width=\"2048\" height=\"1365\" src=\"https:\/\/comptoirmalakit.be\/wp-content\/uploads\/2024\/08\/comptoir-malakit__26.webp\" alt=\"\" class=\"wp-image-36\" title=\"\"><\/figure>\n<\/div>\n\n\n\n<div class=\"wp-block-cb-slide\">\n<figure class=\"wp-block-image size-full slider__image is-style-rounded is-style-rounded--2\"><img loading=\"lazy\" decoding=\"async\" width=\"2048\" height=\"1365\" src=\"https:\/\/comptoirmalakit.be\/wp-content\/uploads\/2024\/08\/comptoir-malakit__27.webp\" alt=\"\" class=\"wp-image-37\" title=\"\"><\/figure>\n<\/div>\n\n\n\n<div class=\"wp-block-cb-slide\">\n<figure class=\"wp-block-image size-full slider__image is-style-rounded is-style-rounded--3\"><img loading=\"lazy\" decoding=\"async\" width=\"2048\" height=\"1365\" src=\"https:\/\/comptoirmalakit.be\/wp-content\/uploads\/2024\/08\/comptoir-malakit__23.webp\" alt=\"\" class=\"wp-image-33\" title=\"\"><\/figure>\n<\/div>\n\n\n\n<div class=\"wp-block-cb-slide\">\n<figure class=\"wp-block-image size-full slider__image is-style-rounded is-style-rounded--4\"><img loading=\"lazy\" decoding=\"async\" width=\"2048\" height=\"1365\" src=\"https:\/\/comptoirmalakit.be\/wp-content\/uploads\/2024\/08\/comptoir-malakit__24.webp\" alt=\"\" class=\"wp-image-34\" title=\"\"><\/figure>\n<\/div>\n\n\n\n<div class=\"wp-block-cb-slide\">\n<figure class=\"wp-block-image size-full slider__image is-style-rounded is-style-rounded--5\"><img loading=\"lazy\" decoding=\"async\" width=\"2048\" height=\"1365\" src=\"https:\/\/comptoirmalakit.be\/wp-content\/uploads\/2024\/08\/comptoir-malakit__25.webp\" alt=\"\" class=\"wp-image-35\" title=\"\"><\/figure>\n<\/div>\n\n\n\n<div class=\"wp-block-cb-slide\">\n<figure class=\"wp-block-image size-full slider__image is-style-rounded is-style-rounded--6\"><img loading=\"lazy\" decoding=\"async\" width=\"1365\" height=\"2048\" src=\"https:\/\/comptoirmalakit.be\/wp-content\/uploads\/2024\/08\/comptoir-malakit__22.webp\" alt=\"\" class=\"wp-image-32\" title=\"\"><\/figure>\n<\/div>\n\n\n\n<div class=\"wp-block-cb-slide\">\n<figure class=\"wp-block-image size-full slider__image is-style-rounded is-style-rounded--7\"><img loading=\"lazy\" decoding=\"async\" width=\"1281\" height=\"854\" src=\"https:\/\/comptoirmalakit.be\/wp-content\/uploads\/2024\/08\/comptoir-malakit__21.webp\" alt=\"\" class=\"wp-image-31\" title=\"\"><\/figure>\n<\/div>\n\n\n\n<div class=\"wp-block-cb-slide\">\n<figure class=\"wp-block-image size-full slider__image is-style-rounded is-style-rounded--8\"><img loading=\"lazy\" decoding=\"async\" width=\"2048\" height=\"1365\" src=\"https:\/\/comptoirmalakit.be\/wp-content\/uploads\/2024\/08\/comptoir-malakit__20.webp\" alt=\"\" class=\"wp-image-30\" title=\"\"><\/figure>\n<\/div>\n<\/div>\n<\/div>\n\n\n\n<div class=\"wp-block-group alignwide background--motif has-medium-font-size has-global-padding is-layout-constrained wp-container-core-group-is-layout-84368835 wp-block-group-is-layout-constrained\" id=\"menu\" style=\"padding-top:var(--wp--preset--spacing--50);padding-bottom:var(--wp--preset--spacing--50)\">\n<figure class=\"wp-block-image aligncenter size-full is-resized\"><img loading=\"lazy\" decoding=\"async\" width=\"119\" height=\"29\" src=\"https:\/\/comptoirmalakit.be\/wp-content\/uploads\/2024\/08\/comptoir-malakit__37.webp\" alt=\"\" class=\"wp-image-47\" style=\"width:auto;height:16px\" title=\"\"><\/figure>\n\n\n\n<h2 class=\"wp-block-heading has-text-align-center\">Le menu<\/h2>\n\n\n\n<div class=\"wp-block-buttons is-content-justification-center is-layout-flex wp-container-core-buttons-is-layout-a89b3969 wp-block-buttons-is-layout-flex\">\n<div class=\"wp-block-button\"><a class=\"wp-block-button__link wp-element-button\" href=\"\/wp-content\/uploads\/menu_comptoir-malakit-2024.pdf\" target=\"_blank\" rel=\"noreferrer noopener\">Voir le menu<\/a><\/div>\n<\/div>\n<\/div>\n\n\n\n<div class=\"wp-block-cover alignwide reservation\" style=\"border-radius:20px\"><span aria-hidden=\"true\" class=\"wp-block-cover__background has-contrast-background-color has-background-dim-20 has-background-dim\"><\/span><img loading=\"lazy\" decoding=\"async\" width=\"2048\" height=\"1365\" class=\"wp-block-cover__image-background wp-image-20\" alt=\"\" src=\"https:\/\/comptoirmalakit.be\/wp-content\/uploads\/2024\/08\/comptoir-malakit__10.webp\" data-object-fit=\"cover\" title=\"\"><div class=\"wp-block-cover__inner-container has-global-padding is-layout-constrained wp-block-cover-is-layout-constrained\">\n<figure class=\"wp-block-image aligncenter size-full is-resized filter--invert\"><img loading=\"lazy\" decoding=\"async\" width=\"119\" height=\"29\" src=\"https:\/\/comptoirmalakit.be\/wp-content\/uploads\/2024\/08\/comptoir-malakit__37.webp\" alt=\"\" class=\"wp-image-47\" style=\"width:auto;height:16px\" title=\"\"><\/figure>\n\n\n\n<h2 class=\"wp-block-heading has-text-align-center has-base-2-color has-text-color has-link-color wp-elements-64a05b5a19fca5cd4cc5b8bfdec09f25\">R\u00e9servation sur Resengo<\/h2>\n\n\n\n<div style=\"height:8px\" aria-hidden=\"true\" class=\"wp-block-spacer\"><\/div>\n\n\n\n<div class=\"wp-block-buttons is-content-justification-center is-layout-flex wp-container-core-buttons-is-layout-a89b3969 wp-block-buttons-is-layout-flex\">\n<div class=\"wp-block-button\"><a class=\"wp-block-button__link has-contrast-color has-base-2-background-color has-text-color has-background has-link-color wp-element-button\" href=\"https:\/\/bookings.zenchef.com\/results?rid=370958&amp;pid=1001\" target=\"_blank\" rel=\"noreferrer noopener\">R\u00e9server une table<\/a><\/div>\n<\/div>\n<\/div><\/div>\n","protected":false},"excerpt":{"rendered":"<p>Notre histoire Le comptoir Malakit est un lieu de d\u00e9couverte des saveurs issues de l\u2019un des arts culinaires les plus vastes : Les cuisines Africaines. Un pont vers l\u2019Afrique des couleurs et des senteurs, vers l\u2019Afrique prodigieuse. Nous souhaitons mettre \u00e0 l\u2019honneur cette cuisine aussi riche que vari\u00e9e et rassembler. Rassembler ceux qui connaissent les [&hellip;]<\/p>\n","protected":false},"author":1,"featured_media":21,"parent":0,"menu_order":0,"comment_status":"closed","ping_status":"closed","template":"","meta":{"footnotes":""},"class_list":["post-8","page","type-page","status-publish","has-post-thumbnail","hentry"],"_links":{"self":[{"href":"https:\/\/comptoirmalakit.be\/en\/wp-json\/wp\/v2\/pages\/8","targetHints":{"allow":["GET"]}}],"collection":[{"href":"https:\/\/comptoirmalakit.be\/en\/wp-json\/wp\/v2\/pages"}],"about":[{"href":"https:\/\/comptoirmalakit.be\/en\/wp-json\/wp\/v2\/types\/page"}],"author":[{"embeddable":true,"href":"https:\/\/comptoirmalakit.be\/en\/wp-json\/wp\/v2\/users\/1"}],"replies":[{"embeddable":true,"href":"https:\/\/comptoirmalakit.be\/en\/wp-json\/wp\/v2\/comments?post=8"}],"version-history":[{"count":65,"href":"https:\/\/comptoirmalakit.be\/en\/wp-json\/wp\/v2\/pages\/8\/revisions"}],"predecessor-version":[{"id":235,"href":"https:\/\/comptoirmalakit.be\/en\/wp-json\/wp\/v2\/pages\/8\/revisions\/235"}],"wp:featuredmedia":[{"embeddable":true,"href":"https:\/\/comptoirmalakit.be\/en\/wp-json\/wp\/v2\/media\/21"}],"wp:attachment":[{"href":"https:\/\/comptoirmalakit.be\/en\/wp-json\/wp\/v2\/media?parent=8"}],"curies":[{"name":"wp","href":"https:\/\/api.w.org\/{rel}","templated":true}]}}